{"id":147,"date":"2020-05-03T16:13:28","date_gmt":"2020-05-03T19:13:28","guid":{"rendered":"https:\/\/www.melhorescola.com.br\/blog\/?page_id=147"},"modified":"2023-03-07T10:51:17","modified_gmt":"2023-03-07T13:51:17","slug":"quem-somos","status":"publish","type":"page","link":"https:\/\/www.melhorescola.com.br\/blog\/quem-somos\/","title":{"rendered":"Sobre n\u00f3s"},"content":{"rendered":"\t\t<div data-elementor-type=\"wp-post\" data-elementor-id=\"147\" class=\"elementor elementor-147\">\n\t\t\t\t\t\t<section class=\"elementor-section elementor-top-section elementor-element elementor-element-5eb7316 elementor-section-boxed elementor-section-height-default elementor-section-height-default\" data-id=\"5eb7316\" data-element_type=\"section\" data-e-type=\"section\">\n\t\t\t\t\t\t<div class=\"elementor-container elementor-column-gap-default\">\n\t\t\t\t\t<div class=\"elementor-column elementor-col-100 elementor-top-column elementor-element elementor-element-dc294ff\" data-id=\"dc294ff\" data-element_type=\"column\" data-e-type=\"column\">\n\t\t\t<div class=\"elementor-widget-wrap elementor-element-populated\">\n\t\t\t\t\t\t<div class=\"elementor-element elementor-element-5d679fb elementor-widget elementor-widget-image\" data-id=\"5d679fb\" data-element_type=\"widget\" data-e-type=\"widget\" data-widget_type=\"image.default\">\n\t\t\t\t<div class=\"elementor-widget-container\">\n\t\t\t\t\t\t\t\t\t\t\t\t\t\t\t<img fetchpriority=\"high\" decoding=\"async\" width=\"843\" height=\"567\" src=\"https:\/\/www.melhorescola.com.br\/blog\/wp-content\/uploads\/2023\/03\/MOCKUP-site-ME-1523x1024.png\" class=\"attachment-large size-large wp-image-4141\" alt=\"\" srcset=\"https:\/\/www.melhorescola.com.br\/blog\/wp-content\/uploads\/2023\/03\/MOCKUP-site-ME-1523x1024.png 1523w, https:\/\/www.melhorescola.com.br\/blog\/wp-content\/uploads\/2023\/03\/MOCKUP-site-ME-800x538.png 800w, https:\/\/www.melhorescola.com.br\/blog\/wp-content\/uploads\/2023\/03\/MOCKUP-site-ME-768x516.png 768w, https:\/\/www.melhorescola.com.br\/blog\/wp-content\/uploads\/2023\/03\/MOCKUP-site-ME-1536x1032.png 1536w, https:\/\/www.melhorescola.com.br\/blog\/wp-content\/uploads\/2023\/03\/MOCKUP-site-ME-2048x1377.png 2048w\" sizes=\"(max-width: 843px) 100vw, 843px\" \/>\t\t\t\t\t\t\t\t\t\t\t\t\t\t\t<\/div>\n\t\t\t\t<\/div>\n\t\t\t\t<div class=\"elementor-element elementor-element-633822a elementor-widget elementor-widget-heading\" data-id=\"633822a\" data-element_type=\"widget\" data-e-type=\"widget\" data-widget_type=\"heading.default\">\n\t\t\t\t<div class=\"elementor-widget-container\">\n\t\t\t\t\t<h2 class=\"elementor-heading-title elementor-size-default\">Quem somos<\/h2>\t\t\t\t<\/div>\n\t\t\t\t<\/div>\n\t\t\t\t\t<\/div>\n\t\t<\/div>\n\t\t\t\t\t<\/div>\n\t\t<\/section>\n\t\t\t\t<section class=\"elementor-section elementor-top-section elementor-element elementor-element-9923a31 elementor-section-boxed elementor-section-height-default elementor-section-height-default\" data-id=\"9923a31\" data-element_type=\"section\" data-e-type=\"section\">\n\t\t\t\t\t\t<div class=\"elementor-container elementor-column-gap-default\">\n\t\t\t\t\t<div class=\"elementor-column elementor-col-100 elementor-top-column elementor-element elementor-element-3433228\" data-id=\"3433228\" data-element_type=\"column\" data-e-type=\"column\">\n\t\t\t<div class=\"elementor-widget-wrap elementor-element-populated\">\n\t\t\t\t\t\t<div class=\"elementor-element elementor-element-9b9c1e6 elementor-widget elementor-widget-text-editor\" data-id=\"9b9c1e6\" data-element_type=\"widget\" data-e-type=\"widget\" data-widget_type=\"text-editor.default\">\n\t\t\t\t<div class=\"elementor-widget-container\">\n\t\t\t\t\t\t\t\t\t<div class=\"_2cuy _3dgx _2vxa\">O site Melhor Escola foi criado em 2012, depois que seu idealizador, Juliano Souza, se frustrou ao n\u00e3o encontrar uma ferramenta que o ajudasse a escolher uma escola para seu filho. Hoje, o portal conta com informa\u00e7\u00f5es de todas as escolas cadastradas no MEC (mais de 193 mil), al\u00e9m de avalia\u00e7\u00f5es de pais, alunos, ex-alunos e professores.<\/div><div class=\"_2cuy _3dgx _2vxa\">\u00a0<\/div><div class=\"_2cuy _3dgx _2vxa\">Em 2016, o site passou a fechar parceria com escolas particulares para auxiliar na capta\u00e7\u00e3o de alunos por meio de descontos nas mensalidades. Atualmente o marketplace possui mais de 7.500 escolas parceiras.<\/div>\t\t\t\t\t\t\t\t<\/div>\n\t\t\t\t<\/div>\n\t\t\t\t<div class=\"elementor-element elementor-element-80804b2 elementor-align-center elementor-widget elementor-widget-button\" data-id=\"80804b2\" data-element_type=\"widget\" data-e-type=\"widget\" data-widget_type=\"button.default\">\n\t\t\t\t<div class=\"elementor-widget-container\">\n\t\t\t\t\t\t\t\t\t<div class=\"elementor-button-wrapper\">\n\t\t\t\t\t<a class=\"elementor-button elementor-button-link elementor-size-lg\" href=\"https:\/\/www.melhorescola.com.br\/mais-alunos\">\n\t\t\t\t\t\t<span class=\"elementor-button-content-wrapper\">\n\t\t\t\t\t\t\t\t\t<span class=\"elementor-button-text\">Seja um parceiro<\/span>\n\t\t\t\t\t<\/span>\n\t\t\t\t\t<\/a>\n\t\t\t\t<\/div>\n\t\t\t\t\t\t\t\t<\/div>\n\t\t\t\t<\/div>\n\t\t\t\t<div class=\"elementor-element elementor-element-4b9592b elementor-widget elementor-widget-spacer\" data-id=\"4b9592b\" data-element_type=\"widget\" data-e-type=\"widget\" data-widget_type=\"spacer.default\">\n\t\t\t\t<div class=\"elementor-widget-container\">\n\t\t\t\t\t\t\t<div class=\"elementor-spacer\">\n\t\t\t<div class=\"elementor-spacer-inner\"><\/div>\n\t\t<\/div>\n\t\t\t\t\t\t<\/div>\n\t\t\t\t<\/div>\n\t\t\t\t\t<\/div>\n\t\t<\/div>\n\t\t\t\t\t<\/div>\n\t\t<\/section>\n\t\t\t\t<section class=\"elementor-section elementor-top-section elementor-element elementor-element-9899c3a elementor-section-boxed elementor-section-height-default elementor-section-height-default\" data-id=\"9899c3a\" data-element_type=\"section\" data-e-type=\"section\">\n\t\t\t\t\t\t<div class=\"elementor-container elementor-column-gap-default\">\n\t\t\t\t\t<div class=\"elementor-column elementor-col-100 elementor-top-column elementor-element elementor-element-56e9c69\" data-id=\"56e9c69\" data-element_type=\"column\" data-e-type=\"column\">\n\t\t\t<div class=\"elementor-widget-wrap elementor-element-populated\">\n\t\t\t\t\t\t<div class=\"elementor-element elementor-element-da49f02 elementor-widget elementor-widget-heading\" data-id=\"da49f02\" data-element_type=\"widget\" data-e-type=\"widget\" data-widget_type=\"heading.default\">\n\t\t\t\t<div class=\"elementor-widget-container\">\n\t\t\t\t\t<h2 class=\"elementor-heading-title elementor-size-default\">O que dizem nossos parceiros <\/h2>\t\t\t\t<\/div>\n\t\t\t\t<\/div>\n\t\t\t\t\t<\/div>\n\t\t<\/div>\n\t\t\t\t\t<\/div>\n\t\t<\/section>\n\t\t\t\t<section class=\"elementor-section elementor-top-section elementor-element elementor-element-b89b551 elementor-section-boxed elementor-section-height-default elementor-section-height-default\" data-id=\"b89b551\" data-element_type=\"section\" data-e-type=\"section\">\n\t\t\t\t\t\t<div class=\"elementor-container elementor-column-gap-default\">\n\t\t\t\t\t<div class=\"elementor-column elementor-col-100 elementor-top-column elementor-element elementor-element-67222eb\" data-id=\"67222eb\" data-element_type=\"column\" data-e-type=\"column\">\n\t\t\t<div class=\"elementor-widget-wrap elementor-element-populated\">\n\t\t\t\t\t\t<div class=\"elementor-element elementor-element-c95e0a2 elementor-widget elementor-widget-testimonial\" data-id=\"c95e0a2\" data-element_type=\"widget\" data-e-type=\"widget\" data-widget_type=\"testimonial.default\">\n\t\t\t\t<div class=\"elementor-widget-container\">\n\t\t\t\t\t\t\t<div class=\"elementor-testimonial-wrapper\">\n\t\t\t\t\t\t\t<div class=\"elementor-testimonial-content\"><i>A parceria com o Melhor Escola est\u00e1 sendo fundamental para nossa capta\u00e7\u00e3o de alunos. Eles s\u00e3o \u00e1geis e n\u00f3s podemos acompanhar em tempo real a ades\u00e3o dos alunos.<\/i><\/div>\n\t\t\t\n\t\t\t\t\t\t<div class=\"elementor-testimonial-meta elementor-has-image elementor-testimonial-image-position-aside\">\n\t\t\t\t<div class=\"elementor-testimonial-meta-inner\">\n\t\t\t\t\t\t\t\t\t\t\t<div class=\"elementor-testimonial-image\">\n\t\t\t\t\t\t\t<a href=\"https:\/\/www.melhorescola.com.br\/escola\/colegio-equipe-1\"><img decoding=\"async\" width=\"800\" height=\"800\" data-src=\"https:\/\/www.melhorescola.com.br\/blog\/wp-content\/uploads\/2020\/05\/20180725170017977.jpg\" class=\"attachment-full size-full wp-image-1609 lazyload\" alt=\"Col\u00e9gio Equipe 1\" data-srcset=\"https:\/\/www.melhorescola.com.br\/blog\/wp-content\/uploads\/2020\/05\/20180725170017977.jpg 800w, https:\/\/www.melhorescola.com.br\/blog\/wp-content\/uploads\/2020\/05\/20180725170017977-600x600.jpg 600w, https:\/\/www.melhorescola.com.br\/blog\/wp-content\/uploads\/2020\/05\/20180725170017977-768x768.jpg 768w\" data-sizes=\"(max-width: 800px) 100vw, 800px\" src=\"data:image\/svg+xml;base64,PHN2ZyB3aWR0aD0iMSIgaGVpZ2h0PSIxIiB4bWxucz0iaHR0cDovL3d3dy53My5vcmcvMjAwMC9zdmciPjwvc3ZnPg==\" style=\"--smush-placeholder-width: 800px; --smush-placeholder-aspect-ratio: 800\/800;\" \/><\/a>\t\t\t\t\t\t<\/div>\n\t\t\t\t\t\n\t\t\t\t\t\t\t\t\t\t<div class=\"elementor-testimonial-details\">\n\t\t\t\t\t\t\t\t\t\t\t\t\t\t<a class=\"elementor-testimonial-name\" href=\"https:\/\/www.melhorescola.com.br\/escola\/colegio-equipe-1\">Wagner Marques<\/a>\n\t\t\t\t\t\t\t\t\t\t\t\t\t\t\t\t\t\t\t\t\t\t<a class=\"elementor-testimonial-job\" href=\"https:\/\/www.melhorescola.com.br\/escola\/colegio-equipe-1\">Diretor do Col\u00e9gio Equipe 1<\/a>\n\t\t\t\t\t\t\t\t\t\t\t\t\t<\/div>\n\t\t\t\t\t\t\t\t\t<\/div>\n\t\t\t<\/div>\n\t\t\t\t\t<\/div>\n\t\t\t\t\t\t<\/div>\n\t\t\t\t<\/div>\n\t\t\t\t\t<\/div>\n\t\t<\/div>\n\t\t\t\t\t<\/div>\n\t\t<\/section>\n\t\t\t\t<section class=\"elementor-section elementor-top-section elementor-element elementor-element-24a158d elementor-section-boxed elementor-section-height-default elementor-section-height-default\" data-id=\"24a158d\" data-element_type=\"section\" data-e-type=\"section\">\n\t\t\t\t\t\t<div class=\"elementor-container elementor-column-gap-default\">\n\t\t\t\t\t<div class=\"elementor-column elementor-col-100 elementor-top-column elementor-element elementor-element-f9eaeca\" data-id=\"f9eaeca\" data-element_type=\"column\" data-e-type=\"column\">\n\t\t\t<div class=\"elementor-widget-wrap elementor-element-populated\">\n\t\t\t\t\t\t<div class=\"elementor-element elementor-element-c95d802 elementor-widget elementor-widget-testimonial\" data-id=\"c95d802\" data-element_type=\"widget\" data-e-type=\"widget\" data-widget_type=\"testimonial.default\">\n\t\t\t\t<div class=\"elementor-widget-container\">\n\t\t\t\t\t\t\t<div class=\"elementor-testimonial-wrapper\">\n\t\t\t\t\t\t\t<div class=\"elementor-testimonial-content\"><i>Estou muito satisfeita coma  parceria com o Melhor Escola. No in\u00edcio, n\u00e3o imaginav que o resultado seria t\u00e3o maravilhoso e a procura seria grande. Nossa institui\u00e7\u00e3o j\u00e1 tinha feito parceria com outros sites de bolsas e o resultado n\u00e3o foi o que esperava. Por conta disso, n\u00e3o acreditei que uma nova parceria poderia ser diferente, mas me surpreendi com o \u00f3timo resultado para nossa institui\u00e7\u00e3o.Agrade\u00e7o o carinho e a aten\u00e7\u00e3o que o Melhor Escola oferece a minha escola. <\/i><\/div>\n\t\t\t\n\t\t\t\t\t\t<div class=\"elementor-testimonial-meta elementor-has-image elementor-testimonial-image-position-aside\">\n\t\t\t\t<div class=\"elementor-testimonial-meta-inner\">\n\t\t\t\t\t\t\t\t\t\t\t<div class=\"elementor-testimonial-image\">\n\t\t\t\t\t\t\t<a href=\"https:\/\/www.melhorescola.com.br\/escola\/escola-infantil-aprendendo-a-caminhar\"><img decoding=\"async\" width=\"407\" height=\"272\" data-src=\"https:\/\/www.melhorescola.com.br\/blog\/wp-content\/uploads\/2020\/05\/20180810134609127.jpg\" class=\"attachment-full size-full wp-image-1611 lazyload\" alt=\"Escola Infantil Aprendendo a Caminhar\" src=\"data:image\/svg+xml;base64,PHN2ZyB3aWR0aD0iMSIgaGVpZ2h0PSIxIiB4bWxucz0iaHR0cDovL3d3dy53My5vcmcvMjAwMC9zdmciPjwvc3ZnPg==\" style=\"--smush-placeholder-width: 407px; --smush-placeholder-aspect-ratio: 407\/272;\" \/><\/a>\t\t\t\t\t\t<\/div>\n\t\t\t\t\t\n\t\t\t\t\t\t\t\t\t\t<div class=\"elementor-testimonial-details\">\n\t\t\t\t\t\t\t\t\t\t\t\t\t\t<a class=\"elementor-testimonial-name\" href=\"https:\/\/www.melhorescola.com.br\/escola\/escola-infantil-aprendendo-a-caminhar\">Miriam Sobral<\/a>\n\t\t\t\t\t\t\t\t\t\t\t\t\t\t\t\t\t\t\t\t\t\t<a class=\"elementor-testimonial-job\" href=\"https:\/\/www.melhorescola.com.br\/escola\/escola-infantil-aprendendo-a-caminhar\">Diretora da Escola Infantil Aprendendo a Caminhar<\/a>\n\t\t\t\t\t\t\t\t\t\t\t\t\t<\/div>\n\t\t\t\t\t\t\t\t\t<\/div>\n\t\t\t<\/div>\n\t\t\t\t\t<\/div>\n\t\t\t\t\t\t<\/div>\n\t\t\t\t<\/div>\n\t\t\t\t\t<\/div>\n\t\t<\/div>\n\t\t\t\t\t<\/div>\n\t\t<\/section>\n\t\t\t\t<\/div>\n\t\t","protected":false},"excerpt":{"rendered":"<p>Quem somos O site Melhor Escola foi criado em 2012, depois que seu idealizador, Juliano Souza, se frustrou ao n\u00e3o encontrar uma ferramenta que o&hellip;<\/p>\n","protected":false},"author":10,"featured_media":0,"parent":0,"menu_order":0,"comment_status":"closed","ping_status":"closed","template":"","meta":{"footnotes":""},"class_list":["post-147","page","type-page","status-publish","hentry"],"yoast_head":"<!-- This site is optimized with the Yoast SEO plugin v27.4 - https:\/\/yoast.com\/product\/yoast-seo-wordpress\/ -->\n<title>Sobre n\u00f3s - Blog do Melhor Escola<\/title>\n<meta name=\"robots\" content=\"index, follow, max-snippet:-1, max-image-preview:large, max-video-preview:-1\" \/>\n<link rel=\"canonical\" href=\"https:\/\/www.melhorescola.com.br\/blog\/quem-somos\/\" \/>\n<meta property=\"og:locale\" content=\"pt_BR\" \/>\n<meta property=\"og:type\" content=\"article\" \/>\n<meta property=\"og:title\" content=\"Sobre n\u00f3s - Blog do Melhor Escola\" \/>\n<meta property=\"og:description\" content=\"Quem somos O site Melhor Escola foi criado em 2012, depois que seu idealizador, Juliano Souza, se frustrou ao n\u00e3o encontrar uma ferramenta que o&hellip;\" \/>\n<meta property=\"og:url\" content=\"https:\/\/www.melhorescola.com.br\/blog\/quem-somos\/\" \/>\n<meta property=\"og:site_name\" content=\"Blog do Melhor Escola\" \/>\n<meta property=\"article:modified_time\" content=\"2023-03-07T13:51:17+00:00\" \/>\n<meta property=\"og:image\" content=\"https:\/\/www.melhorescola.com.br\/blog\/wp-content\/uploads\/2023\/03\/MOCKUP-site-ME-1523x1024.png\" \/>\n<meta name=\"twitter:card\" content=\"summary_large_image\" \/>\n<meta name=\"twitter:label1\" content=\"Est. tempo de leitura\" \/>\n\t<meta name=\"twitter:data1\" content=\"2 minutos\" \/>\n<script type=\"application\/ld+json\" class=\"yoast-schema-graph\">{\"@context\":\"https:\\\/\\\/schema.org\",\"@graph\":[{\"@type\":\"WebPage\",\"@id\":\"https:\\\/\\\/www.melhorescola.com.br\\\/blog\\\/quem-somos\\\/\",\"url\":\"https:\\\/\\\/www.melhorescola.com.br\\\/blog\\\/quem-somos\\\/\",\"name\":\"Sobre n\u00f3s - Blog do Melhor Escola\",\"isPartOf\":{\"@id\":\"https:\\\/\\\/www.melhorescola.com.br\\\/blog\\\/#website\"},\"primaryImageOfPage\":{\"@id\":\"https:\\\/\\\/www.melhorescola.com.br\\\/blog\\\/quem-somos\\\/#primaryimage\"},\"image\":{\"@id\":\"https:\\\/\\\/www.melhorescola.com.br\\\/blog\\\/quem-somos\\\/#primaryimage\"},\"thumbnailUrl\":\"https:\\\/\\\/www.melhorescola.com.br\\\/blog\\\/wp-content\\\/uploads\\\/2023\\\/03\\\/MOCKUP-site-ME-1523x1024.png\",\"datePublished\":\"2020-05-03T19:13:28+00:00\",\"dateModified\":\"2023-03-07T13:51:17+00:00\",\"breadcrumb\":{\"@id\":\"https:\\\/\\\/www.melhorescola.com.br\\\/blog\\\/quem-somos\\\/#breadcrumb\"},\"inLanguage\":\"pt-BR\",\"potentialAction\":[{\"@type\":\"ReadAction\",\"target\":[\"https:\\\/\\\/www.melhorescola.com.br\\\/blog\\\/quem-somos\\\/\"]}]},{\"@type\":\"ImageObject\",\"inLanguage\":\"pt-BR\",\"@id\":\"https:\\\/\\\/www.melhorescola.com.br\\\/blog\\\/quem-somos\\\/#primaryimage\",\"url\":\"https:\\\/\\\/www.melhorescola.com.br\\\/blog\\\/wp-content\\\/uploads\\\/2023\\\/03\\\/MOCKUP-site-ME.png\",\"contentUrl\":\"https:\\\/\\\/www.melhorescola.com.br\\\/blog\\\/wp-content\\\/uploads\\\/2023\\\/03\\\/MOCKUP-site-ME.png\",\"width\":2800,\"height\":1882},{\"@type\":\"BreadcrumbList\",\"@id\":\"https:\\\/\\\/www.melhorescola.com.br\\\/blog\\\/quem-somos\\\/#breadcrumb\",\"itemListElement\":[{\"@type\":\"ListItem\",\"position\":1,\"name\":\"In\u00edcio\",\"item\":\"https:\\\/\\\/www.melhorescola.com.br\\\/blog\\\/\"},{\"@type\":\"ListItem\",\"position\":2,\"name\":\"Sobre n\u00f3s\"}]},{\"@type\":\"WebSite\",\"@id\":\"https:\\\/\\\/www.melhorescola.com.br\\\/blog\\\/#website\",\"url\":\"https:\\\/\\\/www.melhorescola.com.br\\\/blog\\\/\",\"name\":\"Blog do Melhor Escola\",\"description\":\"Veja conte\u00fados sobre capta\u00e7\u00e3o de alunos, gest\u00e3o escolar, marketing educacional, universo pedag\u00f3gico e muito mais!\",\"publisher\":{\"@id\":\"https:\\\/\\\/www.melhorescola.com.br\\\/blog\\\/#organization\"},\"potentialAction\":[{\"@type\":\"SearchAction\",\"target\":{\"@type\":\"EntryPoint\",\"urlTemplate\":\"https:\\\/\\\/www.melhorescola.com.br\\\/blog\\\/?s={search_term_string}\"},\"query-input\":{\"@type\":\"PropertyValueSpecification\",\"valueRequired\":true,\"valueName\":\"search_term_string\"}}],\"inLanguage\":\"pt-BR\"},{\"@type\":\"Organization\",\"@id\":\"https:\\\/\\\/www.melhorescola.com.br\\\/blog\\\/#organization\",\"name\":\"Melhor Escola B2B\",\"url\":\"https:\\\/\\\/www.melhorescola.com.br\\\/blog\\\/\",\"logo\":{\"@type\":\"ImageObject\",\"inLanguage\":\"pt-BR\",\"@id\":\"https:\\\/\\\/www.melhorescola.com.br\\\/blog\\\/#\\\/schema\\\/logo\\\/image\\\/\",\"url\":\"https:\\\/\\\/www.melhorescola.com.br\\\/blog\\\/wp-content\\\/uploads\\\/2024\\\/06\\\/images-removebg-preview-2.png\",\"contentUrl\":\"https:\\\/\\\/www.melhorescola.com.br\\\/blog\\\/wp-content\\\/uploads\\\/2024\\\/06\\\/images-removebg-preview-2.png\",\"width\":148,\"height\":148,\"caption\":\"Melhor Escola B2B\"},\"image\":{\"@id\":\"https:\\\/\\\/www.melhorescola.com.br\\\/blog\\\/#\\\/schema\\\/logo\\\/image\\\/\"}}]}<\/script>\n<!-- \/ Yoast SEO plugin. -->","yoast_head_json":{"title":"Sobre n\u00f3s - Blog do Melhor Escola","robots":{"index":"index","follow":"follow","max-snippet":"max-snippet:-1","max-image-preview":"max-image-preview:large","max-video-preview":"max-video-preview:-1"},"canonical":"https:\/\/www.melhorescola.com.br\/blog\/quem-somos\/","og_locale":"pt_BR","og_type":"article","og_title":"Sobre n\u00f3s - Blog do Melhor Escola","og_description":"Quem somos O site Melhor Escola foi criado em 2012, depois que seu idealizador, Juliano Souza, se frustrou ao n\u00e3o encontrar uma ferramenta que o&hellip;","og_url":"https:\/\/www.melhorescola.com.br\/blog\/quem-somos\/","og_site_name":"Blog do Melhor Escola","article_modified_time":"2023-03-07T13:51:17+00:00","og_image":[{"url":"https:\/\/www.melhorescola.com.br\/blog\/wp-content\/uploads\/2023\/03\/MOCKUP-site-ME-1523x1024.png","type":"","width":"","height":""}],"twitter_card":"summary_large_image","twitter_misc":{"Est. tempo de leitura":"2 minutos"},"schema":{"@context":"https:\/\/schema.org","@graph":[{"@type":"WebPage","@id":"https:\/\/www.melhorescola.com.br\/blog\/quem-somos\/","url":"https:\/\/www.melhorescola.com.br\/blog\/quem-somos\/","name":"Sobre n\u00f3s - Blog do Melhor Escola","isPartOf":{"@id":"https:\/\/www.melhorescola.com.br\/blog\/#website"},"primaryImageOfPage":{"@id":"https:\/\/www.melhorescola.com.br\/blog\/quem-somos\/#primaryimage"},"image":{"@id":"https:\/\/www.melhorescola.com.br\/blog\/quem-somos\/#primaryimage"},"thumbnailUrl":"https:\/\/www.melhorescola.com.br\/blog\/wp-content\/uploads\/2023\/03\/MOCKUP-site-ME-1523x1024.png","datePublished":"2020-05-03T19:13:28+00:00","dateModified":"2023-03-07T13:51:17+00:00","breadcrumb":{"@id":"https:\/\/www.melhorescola.com.br\/blog\/quem-somos\/#breadcrumb"},"inLanguage":"pt-BR","potentialAction":[{"@type":"ReadAction","target":["https:\/\/www.melhorescola.com.br\/blog\/quem-somos\/"]}]},{"@type":"ImageObject","inLanguage":"pt-BR","@id":"https:\/\/www.melhorescola.com.br\/blog\/quem-somos\/#primaryimage","url":"https:\/\/www.melhorescola.com.br\/blog\/wp-content\/uploads\/2023\/03\/MOCKUP-site-ME.png","contentUrl":"https:\/\/www.melhorescola.com.br\/blog\/wp-content\/uploads\/2023\/03\/MOCKUP-site-ME.png","width":2800,"height":1882},{"@type":"BreadcrumbList","@id":"https:\/\/www.melhorescola.com.br\/blog\/quem-somos\/#breadcrumb","itemListElement":[{"@type":"ListItem","position":1,"name":"In\u00edcio","item":"https:\/\/www.melhorescola.com.br\/blog\/"},{"@type":"ListItem","position":2,"name":"Sobre n\u00f3s"}]},{"@type":"WebSite","@id":"https:\/\/www.melhorescola.com.br\/blog\/#website","url":"https:\/\/www.melhorescola.com.br\/blog\/","name":"Blog do Melhor Escola","description":"Veja conte\u00fados sobre capta\u00e7\u00e3o de alunos, gest\u00e3o escolar, marketing educacional, universo pedag\u00f3gico e muito mais!","publisher":{"@id":"https:\/\/www.melhorescola.com.br\/blog\/#organization"},"potentialAction":[{"@type":"SearchAction","target":{"@type":"EntryPoint","urlTemplate":"https:\/\/www.melhorescola.com.br\/blog\/?s={search_term_string}"},"query-input":{"@type":"PropertyValueSpecification","valueRequired":true,"valueName":"search_term_string"}}],"inLanguage":"pt-BR"},{"@type":"Organization","@id":"https:\/\/www.melhorescola.com.br\/blog\/#organization","name":"Melhor Escola B2B","url":"https:\/\/www.melhorescola.com.br\/blog\/","logo":{"@type":"ImageObject","inLanguage":"pt-BR","@id":"https:\/\/www.melhorescola.com.br\/blog\/#\/schema\/logo\/image\/","url":"https:\/\/www.melhorescola.com.br\/blog\/wp-content\/uploads\/2024\/06\/images-removebg-preview-2.png","contentUrl":"https:\/\/www.melhorescola.com.br\/blog\/wp-content\/uploads\/2024\/06\/images-removebg-preview-2.png","width":148,"height":148,"caption":"Melhor Escola B2B"},"image":{"@id":"https:\/\/www.melhorescola.com.br\/blog\/#\/schema\/logo\/image\/"}}]}},"_links":{"self":[{"href":"https:\/\/www.melhorescola.com.br\/blog\/wp-json\/wp\/v2\/pages\/147","targetHints":{"allow":["GET"]}}],"collection":[{"href":"https:\/\/www.melhorescola.com.br\/blog\/wp-json\/wp\/v2\/pages"}],"about":[{"href":"https:\/\/www.melhorescola.com.br\/blog\/wp-json\/wp\/v2\/types\/page"}],"author":[{"embeddable":true,"href":"https:\/\/www.melhorescola.com.br\/blog\/wp-json\/wp\/v2\/users\/10"}],"replies":[{"embeddable":true,"href":"https:\/\/www.melhorescola.com.br\/blog\/wp-json\/wp\/v2\/comments?post=147"}],"version-history":[{"count":34,"href":"https:\/\/www.melhorescola.com.br\/blog\/wp-json\/wp\/v2\/pages\/147\/revisions"}],"predecessor-version":[{"id":4144,"href":"https:\/\/www.melhorescola.com.br\/blog\/wp-json\/wp\/v2\/pages\/147\/revisions\/4144"}],"wp:attachment":[{"href":"https:\/\/www.melhorescola.com.br\/blog\/wp-json\/wp\/v2\/media?parent=147"}],"curies":[{"name":"wp","href":"https:\/\/api.w.org\/{rel}","templated":true}]}}